{"id":12,"date":"2019-10-09T16:00:06","date_gmt":"2019-10-09T14:00:06","guid":{"rendered":"https:\/\/chezruefi.ch\/?page_id=12"},"modified":"2026-04-17T16:02:15","modified_gmt":"2026-04-17T14:02:15","slug":"home","status":"publish","type":"page","link":"https:\/\/chezruefi.ch\/de\/","title":{"rendered":"Home"},"content":{"rendered":"<h2 style=\"text-align: center;\">Bienvenue<\/h2>\n<p style=\"text-align: center;\">Qu\u2019ils soient all\u00e9g\u00e9s et tendance, faibles en calories et vitamin\u00e9s ou tout simplement traditionnels, Chez R\u00fcfi vous propose des mets qui incitent \u00e0 la bonne humeur. Toujours d\u00e9licieux et raffin\u00e9s, ils se distinguent par leur fra\u00eecheur absolue et leur qualit\u00e9 d\u2019exception.<\/p>\n","protected":false},"excerpt":{"rendered":"<p>Bienvenue Qu\u2019ils soient all\u00e9g\u00e9s et tendance, faibles en calories et vitamin\u00e9s ou tout simplement traditionnels, Chez R\u00fcfi vous propose des mets qui incitent \u00e0 la bonne humeur. Toujours d\u00e9licieux et raffin\u00e9s, ils se distinguent par leur fra\u00eecheur absolue et leur qualit\u00e9 d\u2019exception.<\/p>\n","protected":false},"author":1,"featured_media":0,"parent":0,"menu_order":0,"comment_status":"closed","ping_status":"closed","template":"templates\/home.php","meta":{"_acf_changed":false,"footnotes":""},"class_list":["post-12","page","type-page","status-publish","hentry"],"acf":[],"yoast_head":"<!-- This site is optimized with the Yoast SEO plugin v27.4 - https:\/\/yoast.com\/product\/yoast-seo-wordpress\/ -->\n<title>Home - Chez R\u00fcfi<\/title>\n<meta name=\"robots\" content=\"index, follow, max-snippet:-1, max-image-preview:large, max-video-preview:-1\" \/>\n<link rel=\"canonical\" href=\"https:\/\/chezruefi.ch\/de\/\" \/>\n<meta property=\"og:locale\" content=\"de_DE\" \/>\n<meta property=\"og:type\" content=\"article\" \/>\n<meta property=\"og:title\" content=\"Home - Chez R\u00fcfi\" \/>\n<meta property=\"og:description\" content=\"Bienvenue Qu\u2019ils soient all\u00e9g\u00e9s et tendance, faibles en calories et vitamin\u00e9s ou tout simplement traditionnels, Chez R\u00fcfi vous propose des mets qui incitent \u00e0 la bonne humeur. Toujours d\u00e9licieux et raffin\u00e9s, ils se distinguent par leur fra\u00eecheur absolue et leur qualit\u00e9 d\u2019exception.\" \/>\n<meta property=\"og:url\" content=\"https:\/\/chezruefi.ch\/de\/\" \/>\n<meta property=\"og:site_name\" content=\"Chez R\u00fcfi\" \/>\n<meta property=\"article:modified_time\" content=\"2026-04-17T14:02:15+00:00\" \/>\n<meta name=\"twitter:card\" content=\"summary_large_image\" \/>\n<meta name=\"twitter:label1\" content=\"Gesch\u00e4tzte Lesezeit\" \/>\n\t<meta name=\"twitter:data1\" content=\"1\u00a0Minute\" \/>\n<script type=\"application\/ld+json\" class=\"yoast-schema-graph\">{\"@context\":\"https:\\\/\\\/schema.org\",\"@graph\":[{\"@type\":\"WebPage\",\"@id\":\"https:\\\/\\\/chezruefi.ch\\\/de\\\/\",\"url\":\"https:\\\/\\\/chezruefi.ch\\\/de\\\/\",\"name\":\"Home - Chez R\u00fcfi\",\"isPartOf\":{\"@id\":\"https:\\\/\\\/chezruefi.ch\\\/de\\\/#website\"},\"datePublished\":\"2019-10-09T14:00:06+00:00\",\"dateModified\":\"2026-04-17T14:02:15+00:00\",\"breadcrumb\":{\"@id\":\"https:\\\/\\\/chezruefi.ch\\\/de\\\/#breadcrumb\"},\"inLanguage\":\"de\",\"potentialAction\":[{\"@type\":\"ReadAction\",\"target\":[\"https:\\\/\\\/chezruefi.ch\\\/de\\\/\"]}]},{\"@type\":\"BreadcrumbList\",\"@id\":\"https:\\\/\\\/chezruefi.ch\\\/de\\\/#breadcrumb\",\"itemListElement\":[{\"@type\":\"ListItem\",\"position\":1,\"name\":\"Home\",\"item\":\"https:\\\/\\\/chezruefi.ch\\\/de\\\/\"},{\"@type\":\"ListItem\",\"position\":2,\"name\":\"Home\"}]},{\"@type\":\"WebSite\",\"@id\":\"https:\\\/\\\/chezruefi.ch\\\/de\\\/#website\",\"url\":\"https:\\\/\\\/chezruefi.ch\\\/de\\\/\",\"name\":\"Chez R\u00fcfi\",\"description\":\"Seit 1895\",\"potentialAction\":[{\"@type\":\"SearchAction\",\"target\":{\"@type\":\"EntryPoint\",\"urlTemplate\":\"https:\\\/\\\/chezruefi.ch\\\/de\\\/?s={search_term_string}\"},\"query-input\":{\"@type\":\"PropertyValueSpecification\",\"valueRequired\":true,\"valueName\":\"search_term_string\"}}],\"inLanguage\":\"de\"}]}<\/script>\n<!-- \/ Yoast SEO plugin. -->","yoast_head_json":{"title":"Home - Chez R\u00fcfi","robots":{"index":"index","follow":"follow","max-snippet":"max-snippet:-1","max-image-preview":"max-image-preview:large","max-video-preview":"max-video-preview:-1"},"canonical":"https:\/\/chezruefi.ch\/de\/","og_locale":"de_DE","og_type":"article","og_title":"Home - Chez R\u00fcfi","og_description":"Bienvenue Qu\u2019ils soient all\u00e9g\u00e9s et tendance, faibles en calories et vitamin\u00e9s ou tout simplement traditionnels, Chez R\u00fcfi vous propose des mets qui incitent \u00e0 la bonne humeur. Toujours d\u00e9licieux et raffin\u00e9s, ils se distinguent par leur fra\u00eecheur absolue et leur qualit\u00e9 d\u2019exception.","og_url":"https:\/\/chezruefi.ch\/de\/","og_site_name":"Chez R\u00fcfi","article_modified_time":"2026-04-17T14:02:15+00:00","twitter_card":"summary_large_image","twitter_misc":{"Gesch\u00e4tzte Lesezeit":"1\u00a0Minute"},"schema":{"@context":"https:\/\/schema.org","@graph":[{"@type":"WebPage","@id":"https:\/\/chezruefi.ch\/de\/","url":"https:\/\/chezruefi.ch\/de\/","name":"Home - Chez R\u00fcfi","isPartOf":{"@id":"https:\/\/chezruefi.ch\/de\/#website"},"datePublished":"2019-10-09T14:00:06+00:00","dateModified":"2026-04-17T14:02:15+00:00","breadcrumb":{"@id":"https:\/\/chezruefi.ch\/de\/#breadcrumb"},"inLanguage":"de","potentialAction":[{"@type":"ReadAction","target":["https:\/\/chezruefi.ch\/de\/"]}]},{"@type":"BreadcrumbList","@id":"https:\/\/chezruefi.ch\/de\/#breadcrumb","itemListElement":[{"@type":"ListItem","position":1,"name":"Home","item":"https:\/\/chezruefi.ch\/de\/"},{"@type":"ListItem","position":2,"name":"Home"}]},{"@type":"WebSite","@id":"https:\/\/chezruefi.ch\/de\/#website","url":"https:\/\/chezruefi.ch\/de\/","name":"Chez R\u00fcfi","description":"Seit 1895","potentialAction":[{"@type":"SearchAction","target":{"@type":"EntryPoint","urlTemplate":"https:\/\/chezruefi.ch\/de\/?s={search_term_string}"},"query-input":{"@type":"PropertyValueSpecification","valueRequired":true,"valueName":"search_term_string"}}],"inLanguage":"de"}]}},"_links":{"self":[{"href":"https:\/\/chezruefi.ch\/de\/wp-json\/wp\/v2\/pages\/12","targetHints":{"allow":["GET"]}}],"collection":[{"href":"https:\/\/chezruefi.ch\/de\/wp-json\/wp\/v2\/pages"}],"about":[{"href":"https:\/\/chezruefi.ch\/de\/wp-json\/wp\/v2\/types\/page"}],"author":[{"embeddable":true,"href":"https:\/\/chezruefi.ch\/de\/wp-json\/wp\/v2\/users\/1"}],"replies":[{"embeddable":true,"href":"https:\/\/chezruefi.ch\/de\/wp-json\/wp\/v2\/comments?post=12"}],"version-history":[{"count":416,"href":"https:\/\/chezruefi.ch\/de\/wp-json\/wp\/v2\/pages\/12\/revisions"}],"predecessor-version":[{"id":2103,"href":"https:\/\/chezruefi.ch\/de\/wp-json\/wp\/v2\/pages\/12\/revisions\/2103"}],"wp:attachment":[{"href":"https:\/\/chezruefi.ch\/de\/wp-json\/wp\/v2\/media?parent=12"}],"curies":[{"name":"wp","href":"https:\/\/api.w.org\/{rel}","templated":true}]}}